{"id":709,"date":"2024-05-16T20:56:59","date_gmt":"2024-05-16T20:56:59","guid":{"rendered":"https:\/\/studiofrantejera.com\/?page_id=709"},"modified":"2024-05-16T21:28:41","modified_gmt":"2024-05-16T21:28:41","slug":"elementor-709","status":"publish","type":"page","link":"https:\/\/studiofrantejera.com\/index.php\/elementor-709\/","title":{"rendered":"Sobre el Studio"},"content":{"rendered":"\t\t<div data-elementor-type=\"wp-page\" data-elementor-id=\"709\" class=\"elementor elementor-709\">\n\t\t\t\t\t\t\t\t\t<section class=\"elementor-section elementor-top-section elementor-element elementor-element-afc19ae elementor-section-boxed elementor-section-height-default elementor-section-height-default\" data-id=\"afc19ae\" data-element_type=\"section\">\n\t\t\t\t\t\t<div class=\"elementor-container elementor-column-gap-default\">\n\t\t\t\t\t<div class=\"elementor-column elementor-col-100 elementor-top-column elementor-element elementor-element-bb64151\" data-id=\"bb64151\" data-element_type=\"column\">\n\t\t\t<div class=\"elementor-widget-wrap elementor-element-populated\">\n\t\t\t\t\t\t\t\t<div class=\"elementor-element elementor-element-0f41523 elementor-widget elementor-widget-text-editor\" data-id=\"0f41523\" data-element_type=\"widget\" data-widget_type=\"text-editor.default\">\n\t\t\t\t<div class=\"elementor-widget-container\">\n\t\t\t<style>\/*! elementor - v3.6.5 - 27-04-2022 *\/\n.elementor-widget-text-editor.elementor-drop-cap-view-stacked .elementor-drop-cap{background-color:#818a91;color:#fff}.elementor-widget-text-editor.elementor-drop-cap-view-framed .elementor-drop-cap{color:#818a91;border:3px solid;background-color:transparent}.elementor-widget-text-editor:not(.elementor-drop-cap-view-default) .elementor-drop-cap{margin-top:8px}.elementor-widget-text-editor:not(.elementor-drop-cap-view-default) .elementor-drop-cap-letter{width:1em;height:1em}.elementor-widget-text-editor .elementor-drop-cap{float:left;text-align:center;line-height:1;font-size:50px}.elementor-widget-text-editor .elementor-drop-cap-letter{display:inline-block}<\/style>\t\t\t\t<p>\u00a0 \u00a0Hemos creado un espacio de entrenamiento donde priorizaremos siempre el PRINCIPIO DE INDIVIDUALIZACION, as\u00ed como, la PROGRAMACION y SUPERVISION t\u00e9cnica en todo momento<\/p><p>\u00a0 \u00a0Nuestro centro esta dotado con MAQUINARIA Y EQUIPAMIENTO puntero de m\u00e1xima CALIDAD CERTIFICADA. Un aspecto que hemos querido cuidar, debido a la importancia que le damos a nuestra propuesta de trabajo.<\/p><p>\u00a0 \u00a0Hemos desarrollado un concepto de colaboraci\u00f3n y trabajo en conjunto, con varios prestigiosos CENTROS DE FISIOTERAPIA, CABINETE DE NUTRICIONISTAS Y ENTRENADORES PERSONALES de ALTO NIVEL con FORMACION Y EXPERIENCIA CERTIFICADA.<\/p><p>\u00a0 \u00a0Una de las CARACTERISTICAS mas IMPORTANTES que hemos querido tener en cuenta, es la de ofrecer GRUPOS REDUCIDOS de entrenamiento, EVITANDO AGLOMERACIONES, garantizando de este modo un SERVICIO DE CALIDAD.<br \/>Entendiendo que cada persona tiene una serie de OBJETIVOS, CONDICIONES y NECESIDADES diferentes , hemos querido adecuar nuestro SISTEMA DE TRABAJO a sacarle el MAXIMO RENDIMIENTO dentro de cada caso en particular.<\/p><p>\u00a0 \u00a0Nuestra principal idea es ofrecer el m\u00e1ximo ASESORAMIENTO PROFESIONAL, y ser HONESTOS con cada PERSONA y sus metas.<\/p><p>\u00a0 \u00a0Nuestro centro tambi\u00e9n est\u00e1 dotado de MATERIAL OFICIAL de TRX , as\u00ed como, nuestro DIRECTOR, estando CERTIFICADO con el \u201cTRX INTERNATIONAL TRAINER\u201d. Y una experiencia a\u00f1adida en este sistema de entrenamiento de m\u00e1s de 15 a\u00f1os.<\/p><p>\u00a0 \u00a0Tenemos situado nuestro STUDIO en la exclusiva y tranquila ZONA DE LA PAZ, (a 50 metros del Hotel Riu Garoe) en el termino municipal de Puerto de la Cruz, en el norte de la isla de Tenerife.<\/p><p>\u00a0<\/p><p>\u00a0<\/p>\t\t\t\t\t\t<\/div>\n\t\t\t\t<\/div>\n\t\t\t\t\t<\/div>\n\t\t<\/div>\n\t\t\t\t\t\t\t<\/div>\n\t\t<\/section>\n\t\t\t\t\t\t\t<\/div>\n\t\t","protected":false},"excerpt":{"rendered":"<p>\u00a0 \u00a0Hemos creado un espacio de entrenamiento donde priorizaremos siempre el PRINCIPIO DE INDIVIDUALIZACION, as\u00ed como, la PROGRAMACION y SUPERVISION t\u00e9cnica en todo momento \u00a0 \u00a0Nuestro centro esta dotado con MAQUINARIA Y EQUIPAMIENTO puntero de m\u00e1xima CALIDAD CERTIFICADA. Un aspecto que hemos querido cuidar, debido a la importancia que le damos a nuestra propuesta de &hellip;<\/p>\n<p class=\"read-more\"> <a class=\"\" href=\"https:\/\/studiofrantejera.com\/index.php\/elementor-709\/\"> <span class=\"screen-reader-text\">Sobre el Studio<\/span> Leer m\u00e1s &raquo;<\/a><\/p>\n","protected":false},"author":1,"featured_media":0,"parent":0,"menu_order":0,"comment_status":"closed","ping_status":"closed","template":"","meta":{"site-sidebar-layout":"no-sidebar","site-content-layout":"page-builder","ast-main-header-display":"","ast-hfb-above-header-display":"","ast-hfb-below-header-display":"","ast-hfb-mobile-header-display":"","site-post-title":"disabled","ast-breadcrumbs-content":"","ast-featured-img":"disabled","footer-sml-layout":"","theme-transparent-header-meta":"","adv-header-id-meta":"","stick-header-meta":"","header-above-stick-meta":"","header-main-stick-meta":"","header-below-stick-meta":""},"_links":{"self":[{"href":"https:\/\/studiofrantejera.com\/index.php\/wp-json\/wp\/v2\/pages\/709"}],"collection":[{"href":"https:\/\/studiofrantejera.com\/index.php\/wp-json\/wp\/v2\/pages"}],"about":[{"href":"https:\/\/studiofrantejera.com\/index.php\/wp-json\/wp\/v2\/types\/page"}],"author":[{"embeddable":true,"href":"https:\/\/studiofrantejera.com\/index.php\/wp-json\/wp\/v2\/users\/1"}],"replies":[{"embeddable":true,"href":"https:\/\/studiofrantejera.com\/index.php\/wp-json\/wp\/v2\/comments?post=709"}],"version-history":[{"count":14,"href":"https:\/\/studiofrantejera.com\/index.php\/wp-json\/wp\/v2\/pages\/709\/revisions"}],"predecessor-version":[{"id":739,"href":"https:\/\/studiofrantejera.com\/index.php\/wp-json\/wp\/v2\/pages\/709\/revisions\/739"}],"wp:attachment":[{"href":"https:\/\/studiofrantejera.com\/index.php\/wp-json\/wp\/v2\/media?parent=709"}],"curies":[{"name":"wp","href":"https:\/\/api.w.org\/{rel}","templated":true}]}}