{"id":572,"date":"2022-06-03T19:07:32","date_gmt":"2022-06-03T19:07:32","guid":{"rendered":"http:\/\/studiofrantejera.com\/?page_id=572"},"modified":"2024-05-16T21:33:20","modified_gmt":"2024-05-16T21:33:20","slug":"nuestro-director","status":"publish","type":"page","link":"https:\/\/studiofrantejera.com\/index.php\/nuestro-director\/","title":{"rendered":"Nuestro Director"},"content":{"rendered":"\t\t<div data-elementor-type=\"wp-page\" data-elementor-id=\"572\" class=\"elementor elementor-572\">\n\t\t\t\t\t\t\t\t\t<section class=\"elementor-section elementor-top-section elementor-element elementor-element-bd22600 elementor-section-boxed elementor-section-height-default elementor-section-height-default\" data-id=\"bd22600\" data-element_type=\"section\">\n\t\t\t\t\t\t<div class=\"elementor-container elementor-column-gap-default\">\n\t\t\t\t\t<div class=\"elementor-column elementor-col-100 elementor-top-column elementor-element elementor-element-86650f9\" data-id=\"86650f9\" data-element_type=\"column\">\n\t\t\t<div class=\"elementor-widget-wrap elementor-element-populated\">\n\t\t\t\t\t\t\t\t<div class=\"elementor-element elementor-element-3f1cea0 elementor-widget elementor-widget-text-editor\" data-id=\"3f1cea0\" data-element_type=\"widget\" data-widget_type=\"text-editor.default\">\n\t\t\t\t<div class=\"elementor-widget-container\">\n\t\t\t<style>\/*! elementor - v3.6.5 - 27-04-2022 *\/\n.elementor-widget-text-editor.elementor-drop-cap-view-stacked .elementor-drop-cap{background-color:#818a91;color:#fff}.elementor-widget-text-editor.elementor-drop-cap-view-framed .elementor-drop-cap{color:#818a91;border:3px solid;background-color:transparent}.elementor-widget-text-editor:not(.elementor-drop-cap-view-default) .elementor-drop-cap{margin-top:8px}.elementor-widget-text-editor:not(.elementor-drop-cap-view-default) .elementor-drop-cap-letter{width:1em;height:1em}.elementor-widget-text-editor .elementor-drop-cap{float:left;text-align:center;line-height:1;font-size:50px}.elementor-widget-text-editor .elementor-drop-cap-letter{display:inline-block}<\/style>\t\t\t\t<p>\u00a0<\/p><p style=\"text-align: left;\"><span style=\"color: #ffffff;\"><strong>NUESTRO DIRECTOR<\/strong><\/span><\/p><p>\u00a0 \u00a0Natural de Icod de los Vinos (TENERIFE), ha desarrollado su carrera profesional desde el a\u00f1o 2001, en dos de los mejores Centros de Fitness de la Isla de Tenerife.<\/p><p>\u00a0 \u00a0Empez\u00f3 su formaci\u00f3n profesional con diversas certificaciones de actividades relacionadas con el fitness (TRX, Spinning, Aero Tay Box, Pilates, Musculaci\u00f3n, Aerobic, Step, Lift, Aerosling, Entrenamiento Funcional\u2026), creciendo desde abajo dentro de una instalaci\u00f3n de fitness, conociendo al mil\u00edmetro cada secci\u00f3n dentro de la misma, hasta llegar a la labor de Entrenador Personal especialista en Pilates con Maquinas y Entrenamiento en Suspensi\u00f3n (TRX).<\/p><p>\u00a0 \u00a0Es un autentico apasionado de la anatom\u00eda esquel\u00e9tico muscular y su biomec\u00e1nica.<\/p><p>\u00a0 \u00a0Se ha formado con l@s m\u00e1s prestigios@s Profesor@s Nacionales e Internacionales, en varias \u00e1reas deportivas.<\/p><p>\u00a0 \u00a0Ha sido participe en varios eventos de Fitness regionales como \u201cPresenter\u201d en diversas modalidades dentro del sector del Fitness.<\/p><p>\u00a0 \u00a0En la ultima d\u00e9cada, a dedicado toda su formaci\u00f3n, a la especializaci\u00f3n en el \u00e1mbito del Entreno Personal y el Pilates con M\u00e1quinas, teniendo diversas especializaciones de cada una de ellas.<\/p><p>\u00a0 \u00a0\u2026y sigue en pleno proceso de formaci\u00f3n y actualizaci\u00f3n.<\/p>\t\t\t\t\t\t<\/div>\n\t\t\t\t<\/div>\n\t\t\t\t\t<\/div>\n\t\t<\/div>\n\t\t\t\t\t\t\t<\/div>\n\t\t<\/section>\n\t\t\t\t\t\t\t<\/div>\n\t\t","protected":false},"excerpt":{"rendered":"<p>\u00a0 NUESTRO DIRECTOR \u00a0 \u00a0Natural de Icod de los Vinos (TENERIFE), ha desarrollado su carrera profesional desde el a\u00f1o 2001, en dos de los mejores Centros de Fitness de la Isla de Tenerife. \u00a0 \u00a0Empez\u00f3 su formaci\u00f3n profesional con diversas certificaciones de actividades relacionadas con el fitness (TRX, Spinning, Aero Tay Box, Pilates, Musculaci\u00f3n, Aerobic, &hellip;<\/p>\n<p class=\"read-more\"> <a class=\"\" href=\"https:\/\/studiofrantejera.com\/index.php\/nuestro-director\/\"> <span class=\"screen-reader-text\">Nuestro Director<\/span> Leer m\u00e1s &raquo;<\/a><\/p>\n","protected":false},"author":1,"featured_media":0,"parent":0,"menu_order":0,"comment_status":"closed","ping_status":"closed","template":"","meta":{"site-sidebar-layout":"no-sidebar","site-content-layout":"page-builder","ast-main-header-display":"","ast-hfb-above-header-display":"","ast-hfb-below-header-display":"","ast-hfb-mobile-header-display":"","site-post-title":"disabled","ast-breadcrumbs-content":"","ast-featured-img":"disabled","footer-sml-layout":"","theme-transparent-header-meta":"","adv-header-id-meta":"","stick-header-meta":"","header-above-stick-meta":"","header-main-stick-meta":"","header-below-stick-meta":""},"_links":{"self":[{"href":"https:\/\/studiofrantejera.com\/index.php\/wp-json\/wp\/v2\/pages\/572"}],"collection":[{"href":"https:\/\/studiofrantejera.com\/index.php\/wp-json\/wp\/v2\/pages"}],"about":[{"href":"https:\/\/studiofrantejera.com\/index.php\/wp-json\/wp\/v2\/types\/page"}],"author":[{"embeddable":true,"href":"https:\/\/studiofrantejera.com\/index.php\/wp-json\/wp\/v2\/users\/1"}],"replies":[{"embeddable":true,"href":"https:\/\/studiofrantejera.com\/index.php\/wp-json\/wp\/v2\/comments?post=572"}],"version-history":[{"count":21,"href":"https:\/\/studiofrantejera.com\/index.php\/wp-json\/wp\/v2\/pages\/572\/revisions"}],"predecessor-version":[{"id":746,"href":"https:\/\/studiofrantejera.com\/index.php\/wp-json\/wp\/v2\/pages\/572\/revisions\/746"}],"wp:attachment":[{"href":"https:\/\/studiofrantejera.com\/index.php\/wp-json\/wp\/v2\/media?parent=572"}],"curies":[{"name":"wp","href":"https:\/\/api.w.org\/{rel}","templated":true}]}}