{"id":513,"date":"2022-06-01T20:42:22","date_gmt":"2022-06-01T20:42:22","guid":{"rendered":"http:\/\/studiofrantejera.com\/?page_id=513"},"modified":"2022-06-01T21:57:33","modified_gmt":"2022-06-01T21:57:33","slug":"politica-de-cookies","status":"publish","type":"page","link":"https:\/\/studiofrantejera.com\/index.php\/politica-de-cookies\/","title":{"rendered":"Pol\u00edtica de Cookies"},"content":{"rendered":"\n<p><br>  UTILIZAMOS COOKIES PROPIAS Y DE TERCEROS PARA OBTENER DATOSESTAD\u00cdSTICOS DE LA NAVEGACI\u00d3N DE NUESTROS USUARIOS Y MEJORAR NUESTROS SERVICIOS.<\/p>\n\n\n\n<p><br><strong>\u00bfQU\u00c9 SON LAS COOKIES?<\/strong><br>  Una cookie es un fichero que se descarga en su ordenador al acceder a determinadas p\u00e1ginas web. Las cookies permiten a una p\u00e1gina web, entre otras cosas, almacenar y recuperar informaci\u00f3n sobre los h\u00e1bitos de navegaci\u00f3n de un usuario o de su equipo y, dependiendo de la informaci\u00f3n que contengan y de la forma en que utilice su equipo, pueden utilizarse para reconocer al usuario.<\/p>\n\n\n\n<p><br><strong>\u00bfTIPOS DE COOKIES?<\/strong><br>  <strong>Cookies de an\u00e1lisis:<\/strong> Son aqu\u00e9llas que bien tratadas por nosotros o por terceros, nos permiten cuantificar el n\u00famero de usuarios y as\u00ed realizar la medici\u00f3n y an\u00e1lisis estad\u00edstico de la utilizaci\u00f3n que hacen los usuarios del servicio ofertado. Para ello se analiza su navegaci\u00f3n en nuestra p\u00e1gina web con el fin de mejorar la oferta de productos o servicios que le ofrecemos.<br>  <strong>Cookies t\u00e9cnicas:<\/strong> Estas cookies son necesarias para que el sitio web funcione y no se pueden desactivar en nuestros sistemas.         Usualmente est\u00e1n configuradas para responder a acciones hechas por usted para recibir servicios, tales como ajustar sus preferencias de privacidad, iniciar sesi\u00f3n en el sitio, o llenar formularios. Usted puede configurar su navegador para bloquear o alertar la presencia de estas cookies, pero algunas partes del sitio web no funcionar\u00e1n Cookies de personalizaci\u00f3n: Son aquellas que permiten al usuario acceder al servicio con algunas caracter\u00edsticas de car\u00e1cter general predefinidas en funci\u00f3n de una serie de criterios en el terminal del usuario como por ejemplo serian el idioma o el tipo de navegador a trav\u00e9s del cual se conecta al servicio.<br>  <strong>Cookies publicitarias:<\/strong> Son aqu\u00e9llas que, bien tratadas por esta web o por terceros, permiten gestionar de la forma m\u00e1s eficaz posible la oferta de los espacios publicitarios que hay en la p\u00e1gina web, adecuando el contenido del anuncio al contenido del servicio solicitado o al uso que realice de nuestra p\u00e1gina web. Para ello podemos analizar sus h\u00e1bitos de navegaci\u00f3n en Internet y podemos mostrarle publicidad relacionada con su perfil de navegaci\u00f3n.<br>  <strong>Cookies de publicidad comportamental:<\/strong> Son aquellas que permiten la gesti\u00f3n, de la forma m\u00e1s eficaz posible, de los espacios publicitarios que, en su caso, el editor haya incluido en una p\u00e1gina web, aplicaci\u00f3n o plataforma desde la que presta el servicio<br>solicitado. Este tipo de cookies almacenan informaci\u00f3n del comportamiento de los visitantes obtenida a trav\u00e9s de la observaci\u00f3n continuada de sus h\u00e1bitos de navegaci\u00f3n, lo que permite desarrollar un perfil espec\u00edfico para mostrar avisos publicitarios en funci\u00f3n del mismo.<\/p>\n\n\n\n<p><strong>CONSENTIMIENTO<\/strong><br>  Le informamos que solo utilizaremos cookies en su equipo a condici\u00f3n de que haya dado su consentimiento a trav\u00e9s del banner de acceso y la configuraci\u00f3n habilitada a trav\u00e9s del panel de configuraci\u00f3n, salvo en los supuestos en los que las cookies sean necesarias para la navegaci\u00f3n en el equipo y\/o para prestar el servicio solicitado por el usuario (cookies t\u00e9cnicas). Las cookies t\u00e9cnicas est\u00e1n exceptuadas del cumplimiento de las obligaciones establecidas en la LSSI del deber de informaci\u00f3n y obtenci\u00f3n del consentimiento (ver definici\u00f3n de cookies t\u00e9cnicas).<\/p>\n\n\n\n<p><br><strong>REVOCAR EL CONSENTIMIENTO Y DESACTIVAR LAS COOKIES.<\/strong><br>El usuario podr\u00e1 modificar o revocar su consentimiento en cualquier momento configurando las opciones en el Panel de Configuraci\u00f3n. El usuario tiene acceso al Panel de Configuraci\u00f3n de forma permanente a trav\u00e9s del siguiente enlace. <br><\/p>\n\n\n\n<ul><li><strong>Chrome<\/strong>, desde&nbsp;<a href=\"http:\/\/support.google.com\/chrome\/bin\/answer.py?hl=es&amp;answer=95647\" target=\"_blank\" rel=\"noreferrer noopener\">http:\/\/support.google.com\/chrome\/bin\/answer.py?hl=es&amp;answer=95647<\/a><\/li><li><strong>Safari<\/strong>, desde&nbsp;<a href=\"http:\/\/support.apple.com\/kb\/ph5042\" target=\"_blank\" rel=\"noreferrer noopener\">http:\/\/support.apple.com\/kb\/ph5042<\/a><\/li><li><strong>Explorer<\/strong>, desde&nbsp;<a href=\"http:\/\/windows.microsoft.com\/es-es\/windows7\/how-to-manage-cookies-in-internet-explorer-9\" target=\"_blank\" rel=\"noreferrer noopener\">http:\/\/windows.microsoft.com\/es-es\/windows7\/how-to-manage-cookies-in-internet-explorer-9<\/a><\/li><li><strong>Firefox<\/strong>, desde&nbsp;<a href=\"http:\/\/support.mozilla.org\/es\/kb\/habilitar-y-deshabilitar-cookies-que-los-sitios-we\" target=\"_blank\" rel=\"noreferrer noopener\">http:\/\/support.mozilla.org\/es\/kb\/habilitar-y-deshabilitar-cookies-que-los-sitios-we<\/a><\/li><\/ul>\n\n\n\n<p><br>No obstante, a pesar de que conservaremos la selecci\u00f3n realizada por el usuario con un m\u00e1ximo de 24 meses, peri\u00f3dicamente, solicitaremos la actualizaci\u00f3n de tu consentimiento.<br>Puede usted permitir, bloquear o eliminar las cookies instaladas en su equipo mediante la configuraci\u00f3n de las opciones del navegador instalado en su ordenador, as\u00ed como borrar sus datos de navegaci\u00f3n (incluidas las cookies) desde el navegador instalado en su terminal.<br><strong>ADVERTENCIA SOBRE ELIMINAR COOKIES.<\/strong><br>La desactivaci\u00f3n de las cookies no impide la navegaci\u00f3n por el sitio web, aunque el uso de algunos de sus servicios podr\u00e1 ser limitado y, por tanto, su experiencia de navegaci\u00f3n podr\u00e1 ser menos satisfactoria.<\/p>\n","protected":false},"excerpt":{"rendered":"<p>UTILIZAMOS COOKIES PROPIAS Y DE TERCEROS PARA OBTENER DATOSESTAD\u00cdSTICOS DE LA NAVEGACI\u00d3N DE NUESTROS USUARIOS Y MEJORAR NUESTROS SERVICIOS. \u00bfQU\u00c9 SON LAS COOKIES? Una cookie es un fichero que se descarga en su ordenador al acceder a determinadas p\u00e1ginas web. Las cookies permiten a una p\u00e1gina web, entre otras cosas, almacenar y recuperar informaci\u00f3n sobre &hellip;<\/p>\n<p class=\"read-more\"> <a class=\"\" href=\"https:\/\/studiofrantejera.com\/index.php\/politica-de-cookies\/\"> <span class=\"screen-reader-text\">Pol\u00edtica de Cookies<\/span> Leer m\u00e1s &raquo;<\/a><\/p>\n","protected":false},"author":1,"featured_media":0,"parent":0,"menu_order":0,"comment_status":"closed","ping_status":"closed","template":"","meta":{"site-sidebar-layout":"default","site-content-layout":"default","ast-main-header-display":"","ast-hfb-above-header-display":"","ast-hfb-below-header-display":"","ast-hfb-mobile-header-display":"","site-post-title":"","ast-breadcrumbs-content":"","ast-featured-img":"","footer-sml-layout":"","theme-transparent-header-meta":"","adv-header-id-meta":"","stick-header-meta":"","header-above-stick-meta":"","header-main-stick-meta":"","header-below-stick-meta":""},"_links":{"self":[{"href":"https:\/\/studiofrantejera.com\/index.php\/wp-json\/wp\/v2\/pages\/513"}],"collection":[{"href":"https:\/\/studiofrantejera.com\/index.php\/wp-json\/wp\/v2\/pages"}],"about":[{"href":"https:\/\/studiofrantejera.com\/index.php\/wp-json\/wp\/v2\/types\/page"}],"author":[{"embeddable":true,"href":"https:\/\/studiofrantejera.com\/index.php\/wp-json\/wp\/v2\/users\/1"}],"replies":[{"embeddable":true,"href":"https:\/\/studiofrantejera.com\/index.php\/wp-json\/wp\/v2\/comments?post=513"}],"version-history":[{"count":3,"href":"https:\/\/studiofrantejera.com\/index.php\/wp-json\/wp\/v2\/pages\/513\/revisions"}],"predecessor-version":[{"id":534,"href":"https:\/\/studiofrantejera.com\/index.php\/wp-json\/wp\/v2\/pages\/513\/revisions\/534"}],"wp:attachment":[{"href":"https:\/\/studiofrantejera.com\/index.php\/wp-json\/wp\/v2\/media?parent=513"}],"curies":[{"name":"wp","href":"https:\/\/api.w.org\/{rel}","templated":true}]}}