{"id":503,"date":"2022-06-01T17:27:11","date_gmt":"2022-06-01T17:27:11","guid":{"rendered":"http:\/\/studiofrantejera.com\/?page_id=503"},"modified":"2022-06-01T21:52:20","modified_gmt":"2022-06-01T21:52:20","slug":"aviso-legal","status":"publish","type":"page","link":"https:\/\/studiofrantejera.com\/index.php\/aviso-legal\/","title":{"rendered":"Aviso Legal"},"content":{"rendered":"\n<p class=\"has-text-align-left\">                                                                                   <strong>  <\/strong><br><strong>OBJETO<\/strong><br>  Las presentes condiciones legales son establecidas por Francisco Javier Tejera Luis (Studio Fran Tejera) con el fin de determinar los criterios y condiciones de uso de la p\u00e1gina web:<br>www.studiofrantejera.com<br>Datos del titular:<br>Seg\u00fan lo establecido en la ley de Sociedad de la informaci\u00f3n y comercio electr\u00f3nico, LSSICE 34\/2002, Francisco Javier Tejera Luis (Studio Fran Tejera) , pone a disposici\u00f3n los datos del titular de la presente p\u00e1gina web.<br>Identificaci\u00f3n y contacto:<br>Francisco Javier Tejera Luis(Studio Fran Tejera) C\/ Doctor Celestino Gonz\u00e1lez Padr\u00f3n, 10. Local 3. Puerto de la Cruz. 633487030<br>frantejeraentrenador@gmail.com.<br>  Al navegar por este sitio web el navegante adquiere la condici\u00f3n de usuario; el usuario acepta las condiciones de uso planteadas, Francisco Javier Tejera Luis (Studio Fran Tejera) ,se reserva el derecho a modificar en cualquier momento sus condiciones legales, as\u00ed como a realizar cualquier mejora t\u00e9cnica o visual que considere oportuno; si las modificaciones afectan a la privacidad de los usuarios, se avisar\u00e1 con antelaci\u00f3n a la entrada en vigor de los cambios.<br>  En cumplimiento Ley Org\u00e1nica de Protecci\u00f3n de Datos Personales y Garant\u00eda de los Derechos Digitales (LOPD-GDD 3\/2018) y con el Reglamento General de Protecci\u00f3n de Datos (RGPD UE 2016\/679) para poder atender sus consultas, cumplimente los campos obligatorios. No se ceder\u00e1n datos a terceros salvo obligaci\u00f3n legal o en el supuesto que sea necesario para atender su solicitud, en caso de cambios y modificaciones en sus datos deber\u00e1 comunicarlo. Pueden ejercitar sus derechos de acceso, rectificaci\u00f3n, supresi\u00f3n,<br>limitaci\u00f3n, oposici\u00f3n y portabilidad a la siguiente direcci\u00f3n:<\/p>\n\n\n\n<p class=\"has-text-align-left\"><br><strong>POL\u00cdTICA DE ENLACES<\/strong><br>  En esta web se han establecido enlaces a p\u00e1ginas de terceros con el fin de facilitar a los usuarios en acceso a distintas redes sociales y plataformas de internet; Francisco Javier Tejera Luis(Studio Fran Tejera) no se hace responsable de los contenidos, ofertas, productos o servicios que pudieran encontrarse.<\/p>\n\n\n\n<p><strong>LEGISLACI\u00d3N APLICABLE<\/strong><br>  Lo referente a Francisco Javier Tejera Luis (Studio Fran Tejera) , y el usuario se llevar\u00e1 a cabo dentro de la normativa nacional vigente y cualquier controversia se sustanciar\u00e1 a trav\u00e9s de los Juzgados y Tribunales de Santa Cruz de Tenerife.<\/p>\n","protected":false},"excerpt":{"rendered":"<p>OBJETO Las presentes condiciones legales son establecidas por Francisco Javier Tejera Luis (Studio Fran Tejera) con el fin de determinar los criterios y condiciones de uso de la p\u00e1gina web:www.studiofrantejera.comDatos del titular:Seg\u00fan lo establecido en la ley de Sociedad de la informaci\u00f3n y comercio electr\u00f3nico, LSSICE 34\/2002, Francisco Javier Tejera Luis (Studio Fran Tejera) , &hellip;<\/p>\n<p class=\"read-more\"> <a class=\"\" href=\"https:\/\/studiofrantejera.com\/index.php\/aviso-legal\/\"> <span class=\"screen-reader-text\">Aviso Legal<\/span> Leer m\u00e1s &raquo;<\/a><\/p>\n","protected":false},"author":1,"featured_media":0,"parent":0,"menu_order":0,"comment_status":"closed","ping_status":"closed","template":"","meta":{"site-sidebar-layout":"default","site-content-layout":"default","ast-main-header-display":"","ast-hfb-above-header-display":"","ast-hfb-below-header-display":"","ast-hfb-mobile-header-display":"","site-post-title":"","ast-breadcrumbs-content":"","ast-featured-img":"","footer-sml-layout":"","theme-transparent-header-meta":"","adv-header-id-meta":"","stick-header-meta":"","header-above-stick-meta":"","header-main-stick-meta":"","header-below-stick-meta":""},"_links":{"self":[{"href":"https:\/\/studiofrantejera.com\/index.php\/wp-json\/wp\/v2\/pages\/503"}],"collection":[{"href":"https:\/\/studiofrantejera.com\/index.php\/wp-json\/wp\/v2\/pages"}],"about":[{"href":"https:\/\/studiofrantejera.com\/index.php\/wp-json\/wp\/v2\/types\/page"}],"author":[{"embeddable":true,"href":"https:\/\/studiofrantejera.com\/index.php\/wp-json\/wp\/v2\/users\/1"}],"replies":[{"embeddable":true,"href":"https:\/\/studiofrantejera.com\/index.php\/wp-json\/wp\/v2\/comments?post=503"}],"version-history":[{"count":4,"href":"https:\/\/studiofrantejera.com\/index.php\/wp-json\/wp\/v2\/pages\/503\/revisions"}],"predecessor-version":[{"id":532,"href":"https:\/\/studiofrantejera.com\/index.php\/wp-json\/wp\/v2\/pages\/503\/revisions\/532"}],"wp:attachment":[{"href":"https:\/\/studiofrantejera.com\/index.php\/wp-json\/wp\/v2\/media?parent=503"}],"curies":[{"name":"wp","href":"https:\/\/api.w.org\/{rel}","templated":true}]}}