{"id":3,"date":"2022-04-21T21:35:59","date_gmt":"2022-04-21T21:35:59","guid":{"rendered":"http:\/\/studiofrantejera.com\/?page_id=3"},"modified":"2022-06-01T22:09:00","modified_gmt":"2022-06-01T22:09:00","slug":"politica-privacidad","status":"publish","type":"page","link":"https:\/\/studiofrantejera.com\/index.php\/politica-privacidad\/","title":{"rendered":"Pol\u00edtica de privacidad"},"content":{"rendered":"\n<p> <strong>Pol\u00edtica de Privacidad<\/strong><br>  De conformidad con el Ley Org\u00e1nica de Protecci\u00f3n de Datos Personales y Garant\u00eda de los Derechos Digitales (LOPDGDD 3\/2018) y con el Reglamento General de Protecci\u00f3n de Datos (RGPD UE 2016\/679) ponemos a su disposici\u00f3n la siguiente informaci\u00f3n:<\/p>\n\n\n\n<p><br><strong>INFORMACI\u00d3N B\u00c1SICA DE PROTECCI\u00d3N DE DATOS<\/strong><br><strong>Responsable<\/strong> Francisco Javier Tejera Luis(Studio Fran Tejera)<br><strong>Finalidad:<\/strong> Atender las solicitudes de informaci\u00f3n realizadas a trav\u00e9s de la web.<br><strong>Legitimaci\u00f3n:<\/strong> Consentimiento del interesado.<br><strong>Destinatarios:<\/strong> No se ceder\u00e1n datos a terceros salvo obligaci\u00f3n legal o en el supuesto que sea necesario para atender su solicitud.<br><strong>Derechos:<\/strong> Podr\u00e1 ejercer los derechos de acceso, rectificaci\u00f3n, supresi\u00f3n y oposici\u00f3n, limitaci\u00f3n del tratamiento, portabilidad de datos.<\/p>\n\n\n\n<p><br><strong>\u00bfQUI\u00c9N VA A TRATAR MIS DATOS?<\/strong><br> El responsable del tratamiento de sus datos es Francisco Javier Tejera Luis(Studio Fran Tejera) y direcci\u00f3n C\/ Doctor Celestino Gonz\u00e1lez Padr\u00f3n, 10. Local 3. Puerto de la Cruz.<br>Otros datos de contacto:<br>Tel\u00e9fono: 633487030<br>Correo electr\u00f3nico: frantejeraentrenador@gmail.com<br><\/p>\n\n\n\n<p><strong>\u00bfCU\u00c1L ES LA FINALIDAD DEL TRATAMIENTO Y LA BASE LEGAL DEL MISMO?<\/strong><br>En Francisco Javier Tejera Luis(Studio Fran Tejera) tratamos la informaci\u00f3n que nos facilitan las personas interesadas con el fin de gestionar sus solicitudes de informaci\u00f3n y gestionar los servicios que les une a esta empresa.<br>La base legal para el tratamiento de sus datos es el consentimiento que presta, a trav\u00e9s de la aceptaci\u00f3n de nuestra pol\u00edtica de privacidad.<\/p>\n\n\n\n<p><strong>\u00bfD\u00d3NDE SE ALMACENA SU INFORMACI\u00d3N?<\/strong><br>Hosting servercanary.sytes.net<\/p>\n\n\n\n<p><br><strong>\u00bfA QUI\u00c9N SE CEDER\u00c1N SUS DATOS?<\/strong><br>No se ceder\u00e1n datos a terceros salvo obligaci\u00f3n legal, o en el supuesto que fuera necesario para el cumplimiento directamente relacionado con las funciones derivadas del servicio.<\/p>\n\n\n\n<p><br><strong>\u00bfPOR CU\u00c1NTO TIEMPO CONSERVAREMOS SUS DATOS?<\/strong><br>Los datos personales proporcionados se conservar\u00e1n mientras se mantenga la relaci\u00f3n con esta empresa, y no se solicite su supresi\u00f3n por el interesado.<\/p>\n\n\n\n<p><br><strong>\u00bfCU\u00c1LES SON SUS DERECHOS CUANDO NOS FACILITA SUS DATOS? \u00bfY D\u00d3NDE DIRIGIRME<br>PARA EJERCITAR MIS DERECHOS?<\/strong><br>Cualquier persona tiene derecho a obtener confirmaci\u00f3n sobre si en Francisco Javier Tejera Luis(Studio Fran Tejera) estamos tratando datos personales que les conciernan, o no. Las personas interesadas tienen derecho a acceder a sus datos personales, as\u00ed como a solicitar                                                                           la rectificaci\u00f3n de los datos inexactos o, en su caso, solicitar su supresi\u00f3n cuando, entre otros motivos, los datos ya no sean necesarios para los fines que fueron recogidos. En determinadas circunstancias, los interesados podr\u00e1n solicitar la limitaci\u00f3n del tratamiento de sus datos, en cuyo caso \u00fanicamente los conservaremos para el ejercicio o la defensa de reclamaciones.<br>  En determinadas circunstancias y por motivos relacionados con su situaci\u00f3n particular, los interesados podr\u00e1n oponerse al tratamiento de sus datos y Francisco Javier Tejera Luis(Studio Fran Tejera) dejar\u00e1 de tratar los datos, salvo por motivos leg\u00edtimos imperiosos,<br>o el ejercicio o la defensa de posibles reclamaciones. Para ejercer sus derechos deben enviar una comunicaci\u00f3n junto con su documento de identidad a:<br>Direcci\u00f3n Postal de la empresa: C\/ Doctor Celestino Gonz\u00e1lez Padr\u00f3n, 10. Local 3. Puerto de la Cruz.<br>Correo electr\u00f3nico: frantejeraentrenador@gmail.com<br>El usuario podr\u00e1 revocar en cualquier momento el consentimiento prestado en la siguiente direcci\u00f3n de correo: frantejeraentrenador@gmail.com<br>Asimismo se le informa de que los interesados tienen derecho a reclamar ante la Autoridad de Control, La Agencia Espa\u00f1ola de Protecci\u00f3n de Datos.<\/p>\n\n\n\n<p><\/p>\n","protected":false},"excerpt":{"rendered":"<p>Pol\u00edtica de Privacidad De conformidad con el Ley Org\u00e1nica de Protecci\u00f3n de Datos Personales y Garant\u00eda de los Derechos Digitales (LOPDGDD 3\/2018) y con el Reglamento General de Protecci\u00f3n de Datos (RGPD UE 2016\/679) ponemos a su disposici\u00f3n la siguiente informaci\u00f3n: INFORMACI\u00d3N B\u00c1SICA DE PROTECCI\u00d3N DE DATOSResponsable Francisco Javier Tejera Luis(Studio Fran Tejera)Finalidad: Atender las &hellip;<\/p>\n<p class=\"read-more\"> <a class=\"\" href=\"https:\/\/studiofrantejera.com\/index.php\/politica-privacidad\/\"> <span class=\"screen-reader-text\">Pol\u00edtica de privacidad<\/span> Leer m\u00e1s &raquo;<\/a><\/p>\n","protected":false},"author":1,"featured_media":0,"parent":0,"menu_order":0,"comment_status":"closed","ping_status":"open","template":"","meta":{"site-sidebar-layout":"default","site-content-layout":"default","ast-main-header-display":"","ast-hfb-above-header-display":"","ast-hfb-below-header-display":"","ast-hfb-mobile-header-display":"","site-post-title":"","ast-breadcrumbs-content":"","ast-featured-img":"","footer-sml-layout":"","theme-transparent-header-meta":"","adv-header-id-meta":"","stick-header-meta":"","header-above-stick-meta":"","header-main-stick-meta":"","header-below-stick-meta":""},"_links":{"self":[{"href":"https:\/\/studiofrantejera.com\/index.php\/wp-json\/wp\/v2\/pages\/3"}],"collection":[{"href":"https:\/\/studiofrantejera.com\/index.php\/wp-json\/wp\/v2\/pages"}],"about":[{"href":"https:\/\/studiofrantejera.com\/index.php\/wp-json\/wp\/v2\/types\/page"}],"author":[{"embeddable":true,"href":"https:\/\/studiofrantejera.com\/index.php\/wp-json\/wp\/v2\/users\/1"}],"replies":[{"embeddable":true,"href":"https:\/\/studiofrantejera.com\/index.php\/wp-json\/wp\/v2\/comments?post=3"}],"version-history":[{"count":3,"href":"https:\/\/studiofrantejera.com\/index.php\/wp-json\/wp\/v2\/pages\/3\/revisions"}],"predecessor-version":[{"id":536,"href":"https:\/\/studiofrantejera.com\/index.php\/wp-json\/wp\/v2\/pages\/3\/revisions\/536"}],"wp:attachment":[{"href":"https:\/\/studiofrantejera.com\/index.php\/wp-json\/wp\/v2\/media?parent=3"}],"curies":[{"name":"wp","href":"https:\/\/api.w.org\/{rel}","templated":true}]}}